{"id":260,"date":"2026-02-17T12:45:41","date_gmt":"2026-02-17T11:45:41","guid":{"rendered":"https:\/\/catherine-morin-desailly.fr\/?page_id=260"},"modified":"2026-03-18T17:47:48","modified_gmt":"2026-03-18T16:47:48","slug":"rapports","status":"publish","type":"page","link":"http:\/\/catherine-morin-desailly.fr\/?page_id=260","title":{"rendered":"Rapports"},"content":{"rendered":"\n\n\n\n<div class='pt-cv-wrapper'> <div class=\"pt-cv-view pt-cv-blockgrid iscvblock iscvreal list1 layout1\" id=\"pt-cv-view-uln8fka2\"><div data-id=\"pt-cv-page-1\" class=\"pt-cv-page\" data-cvc=\"1\"><div class=\" pt-cv-content-item pt-cv-2-col\" ><h6 class=\"pt-cv-title\"><a href=\"http:\/\/catherine-morin-desailly.fr\/?p=233\" class=\"_self\" target=\"_self\" >01\/2026 | Rapport sur le projet de loi relatif \u00e0 la restitution de biens culturels provenant d&rsquo;\u00c9tats qui, du fait d&rsquo;une appropriation illicite, en ont \u00e9t\u00e9 priv\u00e9s<\/a><\/h6><\/div>\n<div class=\" pt-cv-content-item pt-cv-2-col\" ><h6 class=\"pt-cv-title\"><a href=\"http:\/\/catherine-morin-desailly.fr\/?p=272\" class=\"_self\" target=\"_self\" >12\/2025 | Rapport sur la proposition de loi visant \u00e0 prot\u00e9ger les jeunes de l&rsquo;exposition excessive et pr\u00e9coce aux \u00e9crans et des m\u00e9faits des r\u00e9seaux sociaux<\/a><\/h6><\/div>\n<div class=\" pt-cv-content-item pt-cv-2-col\" ><h6 class=\"pt-cv-title\"><a href=\"http:\/\/catherine-morin-desailly.fr\/?p=277\" class=\"_self\" target=\"_self\" >03\/2025 | Rapport sur la proposition de r\u00e9solution visant \u00e0 l&rsquo;application stricte du cadre r\u00e9glementaire num\u00e9rique de l&rsquo;Union europ\u00e9enne et appelant au renforcement des conditions d&rsquo;une r\u00e9elle souverainet\u00e9 num\u00e9rique europ\u00e9enne<\/a><\/h6><\/div>\n<div class=\" pt-cv-content-item pt-cv-2-col\" ><h6 class=\"pt-cv-title\"><a href=\"http:\/\/catherine-morin-desailly.fr\/?p=293\" class=\"_self\" target=\"_self\" >12\/2024 | Rapport d&rsquo;information sur la d\u00e9rive normative de l&rsquo;Union europ\u00e9enne<\/a><\/h6><\/div>\n<div class=\" pt-cv-content-item pt-cv-2-col\" ><h6 class=\"pt-cv-title\"><a href=\"http:\/\/catherine-morin-desailly.fr\/?p=313\" class=\"_self\" target=\"_self\" >12\/2023 | Rapport sur la proposition de loi relative \u00e0 la restitution des restes humains appartenant aux collections publiques au nom de la Commission mixte paritaire<\/a><\/h6><\/div>\n<div class=\" pt-cv-content-item pt-cv-2-col\" ><h6 class=\"pt-cv-title\"><a href=\"http:\/\/catherine-morin-desailly.fr\/?p=306\" class=\"_self\" target=\"_self\" >10\/2023 | Rapport d&rsquo;information \u00ab\u00a0Expertise patrimoniale internationale fran\u00e7aise : des atouts \u00e0 valoriser, une strat\u00e9gie qui reste \u00e0 affirmer et coordonner\u00a0\u00bb<\/a><\/h6><\/div>\n<div class=\" pt-cv-content-item pt-cv-2-col\" ><h6 class=\"pt-cv-title\"><a href=\"http:\/\/catherine-morin-desailly.fr\/?p=338\" class=\"_self\" target=\"_self\" >06\/2023 | Rapport sur la proposition de loi relative \u00e0 la restitution des reste humains appartenant aux collections publiques<\/a><\/h6><\/div>\n<div class=\" pt-cv-content-item pt-cv-2-col\" ><h6 class=\"pt-cv-title\"><a href=\"http:\/\/catherine-morin-desailly.fr\/?p=319\" class=\"_self\" target=\"_self\" >05\/2023 | Rapport sur la proposition de r\u00e8glement europ\u00e9en fixant des r\u00e8gles harmonis\u00e9es sur l&rsquo;acc\u00e8s et l&rsquo;utilisation des donn\u00e9es<\/a><\/h6><\/div>\n<div class=\" pt-cv-content-item pt-cv-2-col\" ><h6 class=\"pt-cv-title\"><a href=\"http:\/\/catherine-morin-desailly.fr\/?p=331\" class=\"_self\" target=\"_self\" >03\/2023 | Rapport d&rsquo;information \u00ab\u00a0Pour un d\u00e9ploiement de l&rsquo;intelligence artificielle conforme aux valeurs europ\u00e9ennes\u00a0\u00bb<\/a><\/h6><\/div>\n<div class=\" pt-cv-content-item pt-cv-2-col\" ><h6 class=\"pt-cv-title\"><a href=\"http:\/\/catherine-morin-desailly.fr\/?p=388\" class=\"_self\" target=\"_self\" >07\/2022 | Rapport sur la proposition de r\u00e9solution relative \u00e0 la pr\u00e9servation de l&rsquo;activit\u00e9 des vitraillistes, menac\u00e9e par l&rsquo;interdiction du plomb<\/a><\/h6><\/div><\/div><\/div>\n<div class=\" pt-cv-pagination-wrapper\"><ul class=\"pt-cv-pagination pt-cv-ajax pagination\" data-totalpages=\"2\" data-currentpage=\"1\" data-sid=\"uln8fka2\" data-unid=\"\" data-isblock=\"list1\" data-postid=\"0\"><li class=\"active\"><a href=\"#\">1<\/a><\/li>\n\t<li ><a class=\"\" href=\"http:\/\/catherine-morin-desailly.fr\/index.php\/?_page=2&#038;rest_route=%2Fwp%2Fv2%2Fpages%2F260\">2<\/a><\/li>\n\t<li ><a class=\" \" href=\"http:\/\/catherine-morin-desailly.fr\/index.php\/?_page=2&#038;rest_route=%2Fwp%2Fv2%2Fpages%2F260\">&rsaquo;<\/a><\/li>\n\t<\/ul><img loading=\"lazy\" decoding=\"async\" width=\"15\" height=\"15\" class=\"pt-cv-spinner\" alt=\"Chargement\u2026\" src=\"data:image\/gif;base64,R0lGODlhDwAPALMPAMrKygwMDJOTkz09PZWVla+vr3p6euTk5M7OzuXl5TMzMwAAAJmZmWZmZszMzP\/\/\/yH\/C05FVFNDQVBFMi4wAwEAAAAh+QQFCgAPACwAAAAADwAPAAAEQvDJaZaZOIcV8iQK8VRX4iTYoAwZ4iCYoAjZ4RxejhVNoT+mRGP4cyF4Pp0N98sBGIBMEMOotl6YZ3S61Bmbkm4mAgAh+QQFCgAPACwAAAAADQANAAAENPDJSRSZeA418itN8QiK8BiLITVsFiyBBIoYqnoewAD4xPw9iY4XLGYSjkQR4UAUD45DLwIAIfkEBQoADwAsAAAAAA8ACQAABC\/wyVlamTi3nSdgwFNdhEJgTJoNyoB9ISYoQmdjiZPcj7EYCAeCF1gEDo4Dz2eIAAAh+QQFCgAPACwCAAAADQANAAAEM\/DJBxiYeLKdX3IJZT1FU0iIg2RNKx3OkZVnZ98ToRD4MyiDnkAh6BkNC0MvsAj0kMpHBAAh+QQFCgAPACwGAAAACQAPAAAEMDC59KpFDll73HkAA2wVY5KgiK5b0RRoI6MuzG6EQqCDMlSGheEhUAgqgUUAFRySIgAh+QQFCgAPACwCAAIADQANAAAEM\/DJKZNLND\/kkKaHc3xk+QAMYDKsiaqmZCxGVjSFFCxB1vwy2oOgIDxuucxAMTAJFAJNBAAh+QQFCgAPACwAAAYADwAJAAAEMNAs86q1yaWwwv2Ig0jUZx3OYa4XoRAfwADXoAwfo1+CIjyFRuEho60aSNYlOPxEAAAh+QQFCgAPACwAAAIADQANAAAENPA9s4y8+IUVcqaWJ4qEQozSoAzoIyhCK2NFU2SJk0hNnyEOhKR2AzAAj4Pj4GE4W0bkJQIAOw==\" \/><div class=\"clear pt-cv-clear-pagination\"><\/div><\/div> <\/div> <style>\n\n#pt-cv-view-uln8fka2 .pt-cv-meta-fields {  }#pt-cv-view-uln8fka2 .pt-cv-meta-fields * { font-size: 13px; }#pt-cv-view-uln8fka2 .pt-cv-thumb-wrapper:not(.miniwrap) { width: 32%; }#pt-cv-view-uln8fka2 .pt-cv-thumbnail:not(.pt-cv-thumbnailsm) { height: 206px; }#pt-cv-view-uln8fka2 .pt-cv-title a { display: block; }#pt-cv-view-uln8fka2 .pt-cv-title:not(.pt-cv-titlesm) a { font-weight: 500;text-decoration: none;font-size: 17px;line-height: 20px; }#pt-cv-view-uln8fka2 .pt-cv-titlesm a { font-weight: 600;font-size: 18px; }#pt-cv-view-uln8fka2 .pt-cv-content { font-size: 15px; }#pt-cv-view-uln8fka2 .pt-cv-rmwrap { text-align: right; }#pt-cv-view-uln8fka2 .pt-cv-readmore { color: #111111;background-color: #ffffff;border-style: solid;font-size: 14px; }#pt-cv-view-uln8fka2 .pt-cv-taxoterm {  }#pt-cv-view-uln8fka2 .pt-cv-taxoterm * { color: #222;background-color: #fff6f6;font-size: 14px; }#pt-cv-view-uln8fka2 + .pt-cv-pagination-wrapper {  }#pt-cv-view-uln8fka2 + .pt-cv-pagination-wrapper a { font-size: 14px; }#pt-cv-view-uln8fka2 > .pt-cv-page {grid-template-columns: repeat(1, 1fr);grid-gap: 10px;}\n@media all and (max-width: 1024px) { \n#pt-cv-view-uln8fka2 > .pt-cv-page {grid-template-columns: repeat(1, 1fr);}\n} \n@media all and (max-width: 767px) { \n#pt-cv-view-uln8fka2 > .pt-cv-page {grid-template-columns: repeat(1, 1fr);}\n} <\/style>\n\n\n<p><\/p>\n","protected":false},"excerpt":{"rendered":"","protected":false},"author":1,"featured_media":0,"parent":179,"menu_order":1,"comment_status":"closed","ping_status":"closed","template":"","meta":{"saved_in_kubio":true,"footnotes":""},"class_list":["post-260","page","type-page","status-publish","hentry"],"kubio_ai_page_context":{"short_desc":"","purpose":"general"},"_links":{"self":[{"href":"http:\/\/catherine-morin-desailly.fr\/index.php?rest_route=\/wp\/v2\/pages\/260","targetHints":{"allow":["GET"]}}],"collection":[{"href":"http:\/\/catherine-morin-desailly.fr\/index.php?rest_route=\/wp\/v2\/pages"}],"about":[{"href":"http:\/\/catherine-morin-desailly.fr\/index.php?rest_route=\/wp\/v2\/types\/page"}],"author":[{"embeddable":true,"href":"http:\/\/catherine-morin-desailly.fr\/index.php?rest_route=\/wp\/v2\/users\/1"}],"replies":[{"embeddable":true,"href":"http:\/\/catherine-morin-desailly.fr\/index.php?rest_route=%2Fwp%2Fv2%2Fcomments&post=260"}],"version-history":[{"count":13,"href":"http:\/\/catherine-morin-desailly.fr\/index.php?rest_route=\/wp\/v2\/pages\/260\/revisions"}],"predecessor-version":[{"id":958,"href":"http:\/\/catherine-morin-desailly.fr\/index.php?rest_route=\/wp\/v2\/pages\/260\/revisions\/958"}],"up":[{"embeddable":true,"href":"http:\/\/catherine-morin-desailly.fr\/index.php?rest_route=\/wp\/v2\/pages\/179"}],"wp:attachment":[{"href":"http:\/\/catherine-morin-desailly.fr\/index.php?rest_route=%2Fwp%2Fv2%2Fmedia&parent=260"}],"curies":[{"name":"wp","href":"https:\/\/api.w.org\/{rel}","templated":true}]}}