{"id":640,"date":"2026-02-24T14:52:20","date_gmt":"2026-02-24T13:52:20","guid":{"rendered":"https:\/\/catherine-morin-desailly.fr\/?page_id=640"},"modified":"2026-03-18T17:47:25","modified_gmt":"2026-03-18T16:47:25","slug":"propositions-de-loi-ou-de-resolutions","status":"publish","type":"page","link":"http:\/\/catherine-morin-desailly.fr\/?page_id=640","title":{"rendered":"Propositions de loi ou de r\u00e9solution"},"content":{"rendered":"\n\n\n\n\n<hr class=\"wp-block-separator has-alpha-channel-opacity is-style-wide\"\/>\n\n\n\n\n\n<hr class=\"wp-block-separator has-alpha-channel-opacity is-style-wide\"\/>\n\n\n<div class='pt-cv-wrapper'> <div class=\"pt-cv-view pt-cv-blockgrid iscvblock iscvreal list1 layout1\" id=\"pt-cv-view-h2ia0zm7\"><div data-id=\"pt-cv-page-1\" class=\"pt-cv-page\" data-cvc=\"1\"><div class=\" pt-cv-content-item pt-cv-2-col\" ><h6 class=\"pt-cv-title\"><a href=\"http:\/\/catherine-morin-desailly.fr\/?p=612\" class=\"_self\" target=\"_self\" >06\/2025 | Proposition de loi visant \u00e0 prot\u00e9ger les jeunes de l&rsquo;exposition excessive et pr\u00e9coce aux \u00e9crans et des m\u00e9faits des r\u00e9seaux sociaux<\/a><\/h6><\/div>\n<div class=\" pt-cv-content-item pt-cv-2-col\" ><h6 class=\"pt-cv-title\"><a href=\"http:\/\/catherine-morin-desailly.fr\/?p=659\" class=\"_self\" target=\"_self\" >10\/2024 | Proposition de loi relative au d\u00e9classement de restes humains kali&rsquo;nas et \u00e0 leur remise \u00e0 la collectivit\u00e9 de Guyane \u00e0 des fins fun\u00e9raires<\/a><\/h6><\/div>\n<div class=\" pt-cv-content-item pt-cv-2-col\" ><h6 class=\"pt-cv-title\"><a href=\"http:\/\/catherine-morin-desailly.fr\/?p=666\" class=\"_self\" target=\"_self\" >07\/2024 | Proposition de loi organique portant r\u00e9forme du financement de l&rsquo;audiovisuel public [loi adopt\u00e9e et promulgu\u00e9e]<\/a><\/h6><\/div>\n<div class=\" pt-cv-content-item pt-cv-2-col\" ><h6 class=\"pt-cv-title\"><a href=\"http:\/\/catherine-morin-desailly.fr\/?p=693\" class=\"_self\" target=\"_self\" >04\/2023 | Proposition de loi relative \u00e0 la restitution de restes humains appartenant aux collections publiques [loi adopt\u00e9e et promulgu\u00e9e]<\/a><\/h6><\/div><\/div><\/div> <\/div> <style>\n\n#pt-cv-view-h2ia0zm7 .pt-cv-meta-fields {  }#pt-cv-view-h2ia0zm7 .pt-cv-meta-fields * { font-size: 13px; }#pt-cv-view-h2ia0zm7 .pt-cv-thumb-wrapper:not(.miniwrap) { width: 32%; }#pt-cv-view-h2ia0zm7 .pt-cv-thumbnail:not(.pt-cv-thumbnailsm) { height: 206px; }#pt-cv-view-h2ia0zm7 .pt-cv-title a { display: block; }#pt-cv-view-h2ia0zm7 .pt-cv-title:not(.pt-cv-titlesm) a { font-weight: 500;text-decoration: none;font-size: 17px;line-height: 20px; }#pt-cv-view-h2ia0zm7 .pt-cv-titlesm a { font-weight: 600;font-size: 18px; }#pt-cv-view-h2ia0zm7 .pt-cv-content { font-size: 15px; }#pt-cv-view-h2ia0zm7 .pt-cv-rmwrap { text-align: right; }#pt-cv-view-h2ia0zm7 .pt-cv-readmore { color: #111111;background-color: #ffffff;border-style: solid;font-size: 14px; }#pt-cv-view-h2ia0zm7 .pt-cv-taxoterm {  }#pt-cv-view-h2ia0zm7 .pt-cv-taxoterm * { color: #222;background-color: #fff6f6;font-size: 14px; }#pt-cv-view-h2ia0zm7 + .pt-cv-pagination-wrapper {  }#pt-cv-view-h2ia0zm7 + .pt-cv-pagination-wrapper a { font-size: 14px; }#pt-cv-view-h2ia0zm7 > .pt-cv-page {grid-template-columns: repeat(1, 1fr);grid-gap: 10px;}\n@media all and (max-width: 1024px) { \n#pt-cv-view-h2ia0zm7 > .pt-cv-page {grid-template-columns: repeat(1, 1fr);}\n} \n@media all and (max-width: 767px) { \n#pt-cv-view-h2ia0zm7 > .pt-cv-page {grid-template-columns: repeat(1, 1fr);}\n} <\/style>\n\n\n\n\n<hr class=\"wp-block-separator has-alpha-channel-opacity is-style-wide\"\/>\n\n\n\n\n\n<hr class=\"wp-block-separator has-alpha-channel-opacity is-style-wide\"\/>\n\n\n<div class='pt-cv-wrapper'> <div class=\"pt-cv-view pt-cv-blockgrid iscvblock iscvreal list1 layout1\" id=\"pt-cv-view-uln8fka2\"><div data-id=\"pt-cv-page-1\" class=\"pt-cv-page\" data-cvc=\"1\"><div class=\" pt-cv-content-item pt-cv-2-col\" ><h6 class=\"pt-cv-title\"><a href=\"http:\/\/catherine-morin-desailly.fr\/?p=650\" class=\"_self\" target=\"_self\" >06\/2025 | Proposition de r\u00e9solution europ\u00e9enne sur la protection des mineurs en ligne [adopt\u00e9e]<\/a><\/h6><\/div>\n<div class=\" pt-cv-content-item pt-cv-2-col\" ><h6 class=\"pt-cv-title\"><a href=\"http:\/\/catherine-morin-desailly.fr\/?p=675\" class=\"_self\" target=\"_self\" >12\/2023 | Proposition de r\u00e9solution europ\u00e9enne sur les mesures destin\u00e9es \u00e0 renforcer la solidarit\u00e9 et les capacit\u00e9 dans l&rsquo;Union europ\u00e9enne en mati\u00e8re de cybers\u00e9curit\u00e9 [adopt\u00e9e]<\/a><\/h6><\/div>\n<div class=\" pt-cv-content-item pt-cv-2-col\" ><h6 class=\"pt-cv-title\"><a href=\"http:\/\/catherine-morin-desailly.fr\/?p=683\" class=\"_self\" target=\"_self\" >05\/2023 | Proposition de r\u00e9solution europ\u00e9enne sur l&rsquo;acc\u00e8s aux donn\u00e9es (Data Act) [adopt\u00e9e]<\/a><\/h6><\/div>\n<div class=\" pt-cv-content-item pt-cv-2-col\" ><h6 class=\"pt-cv-title\"><a href=\"http:\/\/catherine-morin-desailly.fr\/?p=702\" class=\"_self\" target=\"_self\" >03\/2023 | Proposition de r\u00e9solution europ\u00e9enne relative \u00e0 l&rsquo;encadrement de l&rsquo;intelligence artificielle [adopt\u00e9e]<\/a><\/h6><\/div>\n<div class=\" pt-cv-content-item pt-cv-2-col\" ><h6 class=\"pt-cv-title\"><a href=\"http:\/\/catherine-morin-desailly.fr\/?p=715\" class=\"_self\" target=\"_self\" >02\/2023 | Proposition de r\u00e9solution europ\u00e9enne sur la lutte contre la p\u00e9dopornographie en ligne<\/a><\/h6><\/div><\/div><\/div> <\/div> <style>\n\n#pt-cv-view-uln8fka2 .pt-cv-meta-fields {  }#pt-cv-view-uln8fka2 .pt-cv-meta-fields * { font-size: 13px; }#pt-cv-view-uln8fka2 .pt-cv-thumb-wrapper:not(.miniwrap) { width: 32%; }#pt-cv-view-uln8fka2 .pt-cv-thumbnail:not(.pt-cv-thumbnailsm) { height: 206px; }#pt-cv-view-uln8fka2 .pt-cv-title a { display: block; }#pt-cv-view-uln8fka2 .pt-cv-title:not(.pt-cv-titlesm) a { font-weight: 500;text-decoration: none;font-size: 17px;line-height: 20px; }#pt-cv-view-uln8fka2 .pt-cv-titlesm a { font-weight: 600;font-size: 18px; }#pt-cv-view-uln8fka2 .pt-cv-content { font-size: 15px; }#pt-cv-view-uln8fka2 .pt-cv-rmwrap { text-align: right; }#pt-cv-view-uln8fka2 .pt-cv-readmore { color: #111111;background-color: #ffffff;border-style: solid;font-size: 14px; }#pt-cv-view-uln8fka2 .pt-cv-taxoterm {  }#pt-cv-view-uln8fka2 .pt-cv-taxoterm * { color: #222;background-color: #fff6f6;font-size: 14px; }#pt-cv-view-uln8fka2 + .pt-cv-pagination-wrapper {  }#pt-cv-view-uln8fka2 + .pt-cv-pagination-wrapper a { font-size: 14px; }#pt-cv-view-uln8fka2 > .pt-cv-page {grid-template-columns: repeat(1, 1fr);grid-gap: 10px;}\n@media all and (max-width: 1024px) { \n#pt-cv-view-uln8fka2 > .pt-cv-page {grid-template-columns: repeat(1, 1fr);}\n} \n@media all and (max-width: 767px) { \n#pt-cv-view-uln8fka2 > .pt-cv-page {grid-template-columns: repeat(1, 1fr);}\n} <\/style>\n\n\n<p><\/p>\n","protected":false},"excerpt":{"rendered":"","protected":false},"author":1,"featured_media":0,"parent":179,"menu_order":0,"comment_status":"closed","ping_status":"closed","template":"","meta":{"saved_in_kubio":true,"footnotes":""},"class_list":["post-640","page","type-page","status-publish","hentry"],"kubio_ai_page_context":{"short_desc":"","purpose":"general"},"_links":{"self":[{"href":"http:\/\/catherine-morin-desailly.fr\/index.php?rest_route=\/wp\/v2\/pages\/640","targetHints":{"allow":["GET"]}}],"collection":[{"href":"http:\/\/catherine-morin-desailly.fr\/index.php?rest_route=\/wp\/v2\/pages"}],"about":[{"href":"http:\/\/catherine-morin-desailly.fr\/index.php?rest_route=\/wp\/v2\/types\/page"}],"author":[{"embeddable":true,"href":"http:\/\/catherine-morin-desailly.fr\/index.php?rest_route=\/wp\/v2\/users\/1"}],"replies":[{"embeddable":true,"href":"http:\/\/catherine-morin-desailly.fr\/index.php?rest_route=%2Fwp%2Fv2%2Fcomments&post=640"}],"version-history":[{"count":10,"href":"http:\/\/catherine-morin-desailly.fr\/index.php?rest_route=\/wp\/v2\/pages\/640\/revisions"}],"predecessor-version":[{"id":957,"href":"http:\/\/catherine-morin-desailly.fr\/index.php?rest_route=\/wp\/v2\/pages\/640\/revisions\/957"}],"up":[{"embeddable":true,"href":"http:\/\/catherine-morin-desailly.fr\/index.php?rest_route=\/wp\/v2\/pages\/179"}],"wp:attachment":[{"href":"http:\/\/catherine-morin-desailly.fr\/index.php?rest_route=%2Fwp%2Fv2%2Fmedia&parent=640"}],"curies":[{"name":"wp","href":"https:\/\/api.w.org\/{rel}","templated":true}]}}