{"id":838,"date":"2026-03-13T17:13:47","date_gmt":"2026-03-13T16:13:47","guid":{"rendered":"https:\/\/catherine-morin-desailly.fr\/?page_id=838"},"modified":"2026-03-18T17:42:04","modified_gmt":"2026-03-18T16:42:04","slug":"dans-la-presse","status":"publish","type":"page","link":"http:\/\/catherine-morin-desailly.fr\/?page_id=838","title":{"rendered":"Dans la presse"},"content":{"rendered":"\n\n<div class='pt-cv-wrapper'> <div class=\"pt-cv-view pt-cv-blockgrid iscvblock iscvreal list1 layout1\" id=\"pt-cv-view-uln8fka2\"><div data-id=\"pt-cv-page-1\" class=\"pt-cv-page\" data-cvc=\"1\"><div class=\" pt-cv-content-item pt-cv-2-col\" ><h6 class=\"pt-cv-title\"><a href=\"http:\/\/catherine-morin-desailly.fr\/?p=1242\" class=\"_self\" target=\"_self\" >France Culture &#8211; Vols de donn\u00e9es personnelles\u00a0: l\u2019\u00c9tat est-il d\u00e9sarm\u00e9\u00a0?<\/a><\/h6><\/div>\n<div class=\" pt-cv-content-item pt-cv-2-col\" ><h6 class=\"pt-cv-title\"><a href=\"http:\/\/catherine-morin-desailly.fr\/?p=1238\" class=\"_self\" target=\"_self\" >Lib\u00e9ration &#8211; L\u00e9gislation: L\u2019interdiction des r\u00e9seaux sociaux aux moins de 15 ans adopt\u00e9e en commission au S\u00e9nat, le texte modifi\u00e9<\/a><\/h6><\/div>\n<div class=\" pt-cv-content-item pt-cv-2-col\" ><h6 class=\"pt-cv-title\"><a href=\"http:\/\/catherine-morin-desailly.fr\/?p=1231\" class=\"_self\" target=\"_self\" >Le Figaro &#8211; L\u2019interdiction des r\u00e9seaux sociaux aux moins de 15 ans adopt\u00e9e en commission au S\u00e9nat, le texte modifi\u00e9<\/a><\/h6><\/div>\n<div class=\" pt-cv-content-item pt-cv-2-col\" ><h6 class=\"pt-cv-title\"><a href=\"http:\/\/catherine-morin-desailly.fr\/?p=1226\" class=\"_self\" target=\"_self\" >Public S\u00e9nat &#8211; Piratages de donn\u00e9es :\u00a0 \u00ab On n\u2019a pas \u00e9t\u00e9 au rendez-vous depuis des ann\u00e9es, on en paye la cons\u00e9quence aujourd\u2019hui \u00bb<\/a><\/h6><\/div>\n<div class=\" pt-cv-content-item pt-cv-2-col\" ><h6 class=\"pt-cv-title\"><a href=\"http:\/\/catherine-morin-desailly.fr\/?p=1158\" class=\"_self\" target=\"_self\" >Public S\u00e9nat | Sens Public &#8211; Interdire les r\u00e9seaux aux &#8211; de 15 ans : un combat perdu d&rsquo;avance ?<\/a><\/h6><\/div>\n<div class=\" pt-cv-content-item pt-cv-2-col\" ><h6 class=\"pt-cv-title\"><a href=\"http:\/\/catherine-morin-desailly.fr\/?p=1155\" class=\"_self\" target=\"_self\" >Public S\u00e9nat | Un monde en doc &#8211; Addiction des jeunes aux \u00e9crans : quelle pr\u00e9vention, quel encadrement ?<\/a><\/h6><\/div>\n<div class=\" pt-cv-content-item pt-cv-2-col\" ><h6 class=\"pt-cv-title\"><a href=\"http:\/\/catherine-morin-desailly.fr\/?p=820\" class=\"_self\" target=\"_self\" >T\u00e9l\u00e9rama &#8211; \u00ab\u00a0Que faire des milliers de cr\u00e2nes humains qui dorment au Mus\u00e9e de l\u2019homme ? Un sujet m\u00e9moriel br\u00fblant\u00a0\u00bb<\/a><\/h6><\/div>\n<div class=\" pt-cv-content-item pt-cv-2-col\" ><h6 class=\"pt-cv-title\"><a href=\"http:\/\/catherine-morin-desailly.fr\/?p=1152\" class=\"_self\" target=\"_self\" >Public S\u00e9nat | BONJOUR CHEZ VOUS ! &#8211; \u00ab Nous voulons instaurer une hygi\u00e8ne num\u00e9rique sur les r\u00e9seaux sociaux \u00bb<\/a><\/h6><\/div>\n<div class=\" pt-cv-content-item pt-cv-2-col\" ><h6 class=\"pt-cv-title\"><a href=\"http:\/\/catherine-morin-desailly.fr\/?p=1149\" class=\"_self\" target=\"_self\" >Public S\u00e9nat | SENS PUBLIC &#8211; Ing\u00e9rence, fake news, corruption : menace sur les municipales<\/a><\/h6><\/div><\/div><\/div> <\/div> <style>\n\n#pt-cv-view-uln8fka2 .pt-cv-meta-fields {  }#pt-cv-view-uln8fka2 .pt-cv-meta-fields * { font-size: 13px; }#pt-cv-view-uln8fka2 .pt-cv-thumb-wrapper:not(.miniwrap) { width: 32%; }#pt-cv-view-uln8fka2 .pt-cv-thumbnail:not(.pt-cv-thumbnailsm) { height: 206px; }#pt-cv-view-uln8fka2 .pt-cv-title a { display: block; }#pt-cv-view-uln8fka2 .pt-cv-title:not(.pt-cv-titlesm) a { font-weight: 500;text-decoration: none;font-size: 17px;line-height: 20px; }#pt-cv-view-uln8fka2 .pt-cv-titlesm a { font-weight: 600;font-size: 18px; }#pt-cv-view-uln8fka2 .pt-cv-content { font-size: 15px; }#pt-cv-view-uln8fka2 .pt-cv-rmwrap { text-align: right; }#pt-cv-view-uln8fka2 .pt-cv-readmore { color: #111111;background-color: #ffffff;border-style: solid;font-size: 14px; }#pt-cv-view-uln8fka2 .pt-cv-taxoterm {  }#pt-cv-view-uln8fka2 .pt-cv-taxoterm * { color: #222;background-color: #fff6f6;font-size: 14px; }#pt-cv-view-uln8fka2 + .pt-cv-pagination-wrapper {  }#pt-cv-view-uln8fka2 + .pt-cv-pagination-wrapper a { font-size: 14px; }#pt-cv-view-uln8fka2 > .pt-cv-page {grid-template-columns: repeat(1, 1fr);grid-gap: 10px;}\n@media all and (max-width: 1024px) { \n#pt-cv-view-uln8fka2 > .pt-cv-page {grid-template-columns: repeat(1, 1fr);}\n} \n@media all and (max-width: 767px) { \n#pt-cv-view-uln8fka2 > .pt-cv-page {grid-template-columns: repeat(1, 1fr);}\n} <\/style>\n\n\n<p><\/p>\n","protected":false},"excerpt":{"rendered":"","protected":false},"author":1,"featured_media":0,"parent":0,"menu_order":0,"comment_status":"closed","ping_status":"closed","template":"kubio-full-width","meta":{"saved_in_kubio":true,"footnotes":""},"class_list":["post-838","page","type-page","status-publish","hentry"],"kubio_ai_page_context":{"short_desc":"","purpose":"general"},"_links":{"self":[{"href":"http:\/\/catherine-morin-desailly.fr\/index.php?rest_route=\/wp\/v2\/pages\/838","targetHints":{"allow":["GET"]}}],"collection":[{"href":"http:\/\/catherine-morin-desailly.fr\/index.php?rest_route=\/wp\/v2\/pages"}],"about":[{"href":"http:\/\/catherine-morin-desailly.fr\/index.php?rest_route=\/wp\/v2\/types\/page"}],"author":[{"embeddable":true,"href":"http:\/\/catherine-morin-desailly.fr\/index.php?rest_route=\/wp\/v2\/users\/1"}],"replies":[{"embeddable":true,"href":"http:\/\/catherine-morin-desailly.fr\/index.php?rest_route=%2Fwp%2Fv2%2Fcomments&post=838"}],"version-history":[{"count":3,"href":"http:\/\/catherine-morin-desailly.fr\/index.php?rest_route=\/wp\/v2\/pages\/838\/revisions"}],"predecessor-version":[{"id":927,"href":"http:\/\/catherine-morin-desailly.fr\/index.php?rest_route=\/wp\/v2\/pages\/838\/revisions\/927"}],"wp:attachment":[{"href":"http:\/\/catherine-morin-desailly.fr\/index.php?rest_route=%2Fwp%2Fv2%2Fmedia&parent=838"}],"curies":[{"name":"wp","href":"https:\/\/api.w.org\/{rel}","templated":true}]}}